{"id":17,"date":"2019-01-04T16:51:13","date_gmt":"2019-01-04T14:51:13","guid":{"rendered":"\/\/peewee.fi\/?page_id=17"},"modified":"2019-08-09T13:31:34","modified_gmt":"2019-08-09T10:31:34","slug":"palvelut","status":"publish","type":"page","link":"https:\/\/peewee.fi\/?page_id=17","title":{"rendered":"Ajankohtaista"},"content":{"rendered":"<h5>T\u00e4rke\u00e4\u00e4 tiet\u00e4\u00e4 tiet\u00e4\u00e4 l\u00e4mp\u00f6pumppujen toiminnasta Pohjolan oloissa.<\/h5>\n<p><a href=\"https:\/\/www.scanoffice.fi\/tuoteryhma\/ilmalampopumput\" target=\"_blank\" rel=\"noopener\">Lue Scanofficen tiedote.<\/a><\/p>\n<p><a href=\"https:\/\/www.scanoffice.fi\/palvelut\/usein-kysytyt-kysymykset\/\" target=\"_blank\" rel=\"noopener\">Tietoa ilmal\u00e4mp\u00f6pumppujen toimintaperiaatteista.<\/a><\/p>\n<div class=\"wpb_text_column \">\n<div class=\"wpb_wrapper\">\n<h4>Testattu Pohjolan vaativissa oloissa<\/h4>\n<\/div>\n<\/div>\n<div class=\"wpb_text_column \">\n<div class=\"wpb_wrapper\">\n<p>Mitsubishin ilmal\u00e4mp\u00f6pumput on testattu ja varmistettu, ett\u00e4 ne sopivat Suomen oloihin.<\/p>\n<p>Analysoitavana on ollut useita maahantuomiamme Mitsubishi Electric -ilmal\u00e4mp\u00f6pumppuja sek\u00e4 kilpailijoiden l\u00e4mp\u00f6pumppuja, jotka <strong>Teknologian tutkimuskeskus VTT Oy<\/strong> tutkii tarkasti ja raportoi kattavan analyysin l\u00e4mp\u00f6pumppujen tehokkuudesta.<\/p>\n<p><a href=\"https:\/\/www.scanoffice.fi\/vttn-testiraportit-ilmalampopumppuvertailu\/\" target=\"_blank\" rel=\"noopener\">Tutustu VTT:n testiraportteihin.<\/a><\/p>\n<\/div>\n<\/div>\n","protected":false},"excerpt":{"rendered":"<p>T\u00e4rke\u00e4\u00e4 tiet\u00e4\u00e4 tiet\u00e4\u00e4 l\u00e4mp\u00f6pumppujen toiminnasta Pohjolan oloissa. Lue Scanofficen tiedote. Tietoa ilmal\u00e4mp\u00f6pumppujen toimintaperiaatteista. Testattu Pohjolan vaativissa oloissa Mitsubishin ilmal\u00e4mp\u00f6pumput on testattu ja varmistettu, ett\u00e4 ne sopivat Suomen oloihin. Analysoitavana on ollut useita maahantuomiamme Mitsubishi Electric -ilmal\u00e4mp\u00f6pumppuja sek\u00e4 kilpailijoiden l\u00e4mp\u00f6pumppuja, jotka Teknologian tutkimuskeskus VTT Oy tutkii tarkasti ja raportoi kattavan analyysin [&hellip;]<\/p>\n","protected":false},"author":1,"featured_media":0,"parent":0,"menu_order":0,"comment_status":"closed","ping_status":"closed","template":"page-templates\/template-fullwidth.php","meta":{"_exactmetrics_skip_tracking":false,"_exactmetrics_sitenote_active":false,"_exactmetrics_sitenote_note":"","_exactmetrics_sitenote_category":0},"_links":{"self":[{"href":"https:\/\/peewee.fi\/index.php?rest_route=\/wp\/v2\/pages\/17"}],"collection":[{"href":"https:\/\/peewee.fi\/index.php?rest_route=\/wp\/v2\/pages"}],"about":[{"href":"https:\/\/peewee.fi\/index.php?rest_route=\/wp\/v2\/types\/page"}],"author":[{"embeddable":true,"href":"https:\/\/peewee.fi\/index.php?rest_route=\/wp\/v2\/users\/1"}],"replies":[{"embeddable":true,"href":"https:\/\/peewee.fi\/index.php?rest_route=%2Fwp%2Fv2%2Fcomments&post=17"}],"version-history":[{"count":11,"href":"https:\/\/peewee.fi\/index.php?rest_route=\/wp\/v2\/pages\/17\/revisions"}],"predecessor-version":[{"id":150,"href":"https:\/\/peewee.fi\/index.php?rest_route=\/wp\/v2\/pages\/17\/revisions\/150"}],"wp:attachment":[{"href":"https:\/\/peewee.fi\/index.php?rest_route=%2Fwp%2Fv2%2Fmedia&parent=17"}],"curies":[{"name":"wp","href":"https:\/\/api.w.org\/{rel}","templated":true}]}}