{"id":68,"date":"2019-01-06T20:00:11","date_gmt":"2019-01-06T18:00:11","guid":{"rendered":"\/\/peewee.fi\/?page_id=68"},"modified":"2019-01-06T20:01:35","modified_gmt":"2019-01-06T18:01:35","slug":"ilmalampopumput","status":"publish","type":"page","link":"https:\/\/peewee.fi\/?page_id=68","title":{"rendered":"Ilmal\u00e4mp\u00f6pumput"},"content":{"rendered":"<div class=\"g-cols vc_row type_default valign_top\">\n<div class=\"vc_col-sm-6 wpb_column vc_column_container\">\n<div class=\"vc_column-inner\">\n<div class=\"wpb_wrapper\">\n<div class=\"wpb_text_column \">\n<div class=\"wpb_wrapper\">\n<h5>Ilmal\u00e4mp\u00f6pumput s\u00e4\u00e4st\u00e4v\u00e4t energiaa ja rahaa<\/h5>\n<p>&nbsp;<\/p>\n<p><iframe loading=\"lazy\" src=\"https:\/\/player.vimeo.com\/video\/241483255\" width=\"640\" height=\"360\" frameborder=\"0\" allowfullscreen><\/iframe><br \/>\nIlmal\u00e4mp\u00f6pumppu l\u00e4mmitt\u00e4\u00e4 asuintilat tehokkaasti ja hyv\u00e4ll\u00e4 hy\u00f6tysuhteella. My\u00f6s tilojen j\u00e4\u00e4hdytys on ilmal\u00e4mp\u00f6pumpulla edullista toteuttaa.<\/p>\n<p>Kaikki Scanoffice Oy:n maahantuomat ilmal\u00e4mp\u00f6pumput ovat tehty toimimaan Suomen ankarissa olosuhteissa. Ilmal\u00e4mp\u00f6pumppu toimii kaikissa ulkol\u00e4mp\u00f6tiloissa ja se on luotettava ja pitk\u00e4aikainen l\u00e4mm\u00f6nl\u00e4hde pohjoisen koteihin ja mik\u00e4 parasta, voit s\u00e4\u00e4st\u00e4\u00e4 \u00f6ljy- tai suoras\u00e4hk\u00f6l\u00e4mmitteisen asuntosi l\u00e4mmityskuluissa jopa 55%<\/p>\n<p>&nbsp;<\/p>\n<\/div>\n","protected":false},"excerpt":{"rendered":"<p>Ilmal\u00e4mp\u00f6pumput s\u00e4\u00e4st\u00e4v\u00e4t energiaa ja rahaa &nbsp; Ilmal\u00e4mp\u00f6pumppu l\u00e4mmitt\u00e4\u00e4 asuintilat tehokkaasti ja hyv\u00e4ll\u00e4 hy\u00f6tysuhteella. My\u00f6s tilojen j\u00e4\u00e4hdytys on ilmal\u00e4mp\u00f6pumpulla edullista toteuttaa. Kaikki Scanoffice Oy:n maahantuomat ilmal\u00e4mp\u00f6pumput ovat tehty toimimaan Suomen ankarissa olosuhteissa. Ilmal\u00e4mp\u00f6pumppu toimii kaikissa ulkol\u00e4mp\u00f6tiloissa ja se on luotettava ja pitk\u00e4aikainen l\u00e4mm\u00f6nl\u00e4hde pohjoisen koteihin ja mik\u00e4 parasta, voit s\u00e4\u00e4st\u00e4\u00e4 \u00f6ljy- [&hellip;]<\/p>\n","protected":false},"author":1,"featured_media":0,"parent":14,"menu_order":0,"comment_status":"closed","ping_status":"closed","template":"page-templates\/template-fullwidth.php","meta":{"_exactmetrics_skip_tracking":false,"_exactmetrics_sitenote_active":false,"_exactmetrics_sitenote_note":"","_exactmetrics_sitenote_category":0},"_links":{"self":[{"href":"https:\/\/peewee.fi\/index.php?rest_route=\/wp\/v2\/pages\/68"}],"collection":[{"href":"https:\/\/peewee.fi\/index.php?rest_route=\/wp\/v2\/pages"}],"about":[{"href":"https:\/\/peewee.fi\/index.php?rest_route=\/wp\/v2\/types\/page"}],"author":[{"embeddable":true,"href":"https:\/\/peewee.fi\/index.php?rest_route=\/wp\/v2\/users\/1"}],"replies":[{"embeddable":true,"href":"https:\/\/peewee.fi\/index.php?rest_route=%2Fwp%2Fv2%2Fcomments&post=68"}],"version-history":[{"count":3,"href":"https:\/\/peewee.fi\/index.php?rest_route=\/wp\/v2\/pages\/68\/revisions"}],"predecessor-version":[{"id":71,"href":"https:\/\/peewee.fi\/index.php?rest_route=\/wp\/v2\/pages\/68\/revisions\/71"}],"up":[{"embeddable":true,"href":"https:\/\/peewee.fi\/index.php?rest_route=\/wp\/v2\/pages\/14"}],"wp:attachment":[{"href":"https:\/\/peewee.fi\/index.php?rest_route=%2Fwp%2Fv2%2Fmedia&parent=68"}],"curies":[{"name":"wp","href":"https:\/\/api.w.org\/{rel}","templated":true}]}}